{"id":624,"date":"2024-03-01T12:53:00","date_gmt":"2024-03-01T12:53:00","guid":{"rendered":"http:\/\/new.atriumautomobile.de\/neufahrzeuge\/"},"modified":"2024-04-20T11:26:22","modified_gmt":"2024-04-20T11:26:22","slug":"neufahrzeuge","status":"publish","type":"page","link":"https:\/\/atriumautomobile.de\/de\/neufahrzeuge\/","title":{"rendered":"Neufahrzeuge"},"content":{"rendered":"\t\t<div data-elementor-type=\"wp-page\" data-elementor-id=\"624\" class=\"elementor elementor-624 elementor-509\" data-elementor-post-type=\"page\">\n\t\t\t\t<div class=\"elementor-element elementor-element-f4a0b9b e-flex e-con-boxed e-con e-parent\" data-id=\"f4a0b9b\" data-element_type=\"container\" data-e-type=\"container\">\n\t\t\t\t\t<div class=\"e-con-inner\">\n\t\t\t\t<div class=\"elementor-element elementor-element-344d219 elementor-widget elementor-widget-heading\" data-id=\"344d219\" data-element_type=\"widget\" data-e-type=\"widget\" data-widget_type=\"heading.default\">\n\t\t\t\t<div class=\"elementor-widget-container\">\n\t\t\t\t\t<h1 class=\"elementor-heading-title elementor-size-default\">Verf\u00fcgbare Lagerfahrzeuge<\/h1>\t\t\t\t<\/div>\n\t\t\t\t<\/div>\n\t\t\t\t<div class=\"elementor-element elementor-element-0fbd1cf elementor-widget elementor-widget-text-editor\" data-id=\"0fbd1cf\" data-element_type=\"widget\" data-e-type=\"widget\" data-widget_type=\"text-editor.default\">\n\t\t\t\t<div class=\"elementor-widget-container\">\n\t\t\t\t\t\t\t\t\t<p>Neben bestellbaren Neufahrzeugen bieten wir auch eine gro\u00dfe Auswahl an sofort verf\u00fcgbaren Neuwagen an, die bei unseren Partnern in anderen EU-L\u00e4ndern noch auf Lager sind. Diese k\u00f6nnen innerhalb weniger Tage geliefert werden.<\/p>\t\t\t\t\t\t\t\t<\/div>\n\t\t\t\t<\/div>\n\t\t\t\t\t<\/div>\n\t\t\t\t<\/div>\n\t\t<div class=\"elementor-element elementor-element-c061858 e-flex e-con-boxed e-con e-parent\" data-id=\"c061858\" data-element_type=\"container\" data-e-type=\"container\">\n\t\t\t\t\t<div class=\"e-con-inner\">\n\t\t\t\t<div class=\"elementor-element elementor-element-0f1ad47 elementor-widget elementor-widget-html\" data-id=\"0f1ad47\" data-element_type=\"widget\" data-e-type=\"widget\" data-widget_type=\"html.default\">\n\t\t\t\t<div class=\"elementor-widget-container\">\n\t\t\t\t\t<iframe id=\"apm_widget\" src=\"https:\/\/tools.auto-per-mausklick.de\/atriumauto\/lagerfahrzeuge\/\" style=\"border:0;width:1px;min-width:100%;\"><\/iframe>\n<script src=\"https:\/\/tools.auto-per-mausklick.de\/ext\/js\/widget_external.js\"><\/script>\t\t\t\t<\/div>\n\t\t\t\t<\/div>\n\t\t\t\t\t<\/div>\n\t\t\t\t<\/div>\n\t\t\t\t<\/div>\n\t\t","protected":false},"excerpt":{"rendered":"<p>Verf\u00fcgbare Lagerfahrzeuge Neben bestellbaren Neufahrzeugen bieten wir auch eine gro\u00dfe Auswahl an sofort verf\u00fcgbaren Neuwagen an, die bei unseren Partnern in anderen EU-L\u00e4ndern noch auf Lager sind. Diese k\u00f6nnen innerhalb weniger Tage geliefert werden.<\/p>\n","protected":false},"author":1,"featured_media":0,"parent":0,"menu_order":0,"comment_status":"closed","ping_status":"closed","template":"","meta":{"footnotes":""},"class_list":["post-624","page","type-page","status-publish","hentry"],"_links":{"self":[{"href":"https:\/\/atriumautomobile.de\/de\/wp-json\/wp\/v2\/pages\/624","targetHints":{"allow":["GET"]}}],"collection":[{"href":"https:\/\/atriumautomobile.de\/de\/wp-json\/wp\/v2\/pages"}],"about":[{"href":"https:\/\/atriumautomobile.de\/de\/wp-json\/wp\/v2\/types\/page"}],"author":[{"embeddable":true,"href":"https:\/\/atriumautomobile.de\/de\/wp-json\/wp\/v2\/users\/1"}],"replies":[{"embeddable":true,"href":"https:\/\/atriumautomobile.de\/de\/wp-json\/wp\/v2\/comments?post=624"}],"version-history":[{"count":0,"href":"https:\/\/atriumautomobile.de\/de\/wp-json\/wp\/v2\/pages\/624\/revisions"}],"wp:attachment":[{"href":"https:\/\/atriumautomobile.de\/de\/wp-json\/wp\/v2\/media?parent=624"}],"curies":[{"name":"wp","href":"https:\/\/api.w.org\/{rel}","templated":true}]}}