{"id":620,"date":"2024-03-01T13:28:32","date_gmt":"2024-03-01T13:28:32","guid":{"rendered":"http:\/\/new.atriumautomobile.de\/sonderangebote\/"},"modified":"2024-05-30T14:48:42","modified_gmt":"2024-05-30T14:48:42","slug":"sonderangebote","status":"publish","type":"page","link":"https:\/\/atriumautomobile.de\/de\/sonderangebote\/","title":{"rendered":"Sonderangebote"},"content":{"rendered":"\t\t<div data-elementor-type=\"wp-page\" data-elementor-id=\"620\" class=\"elementor elementor-620 elementor-524\" data-elementor-post-type=\"page\">\n\t\t\t\t<div class=\"elementor-element elementor-element-08ca3b2 e-flex e-con-boxed e-con e-parent\" data-id=\"08ca3b2\" data-element_type=\"container\" data-e-type=\"container\">\n\t\t\t\t\t<div class=\"e-con-inner\">\n\t\t\t\t<div class=\"elementor-element elementor-element-fd03555 elementor-widget elementor-widget-heading\" data-id=\"fd03555\" data-element_type=\"widget\" data-e-type=\"widget\" data-widget_type=\"heading.default\">\n\t\t\t\t<div class=\"elementor-widget-container\">\n\t\t\t\t\t<h1 class=\"elementor-heading-title elementor-size-default\">K\u00fcl\u00f6nleges aj\u00e1nlatok<\/h1>\t\t\t\t<\/div>\n\t\t\t\t<\/div>\n\t\t\t\t<div class=\"elementor-element elementor-element-88f4009 elementor-widget elementor-widget-text-editor\" data-id=\"88f4009\" data-element_type=\"widget\" data-e-type=\"widget\" data-widget_type=\"text-editor.default\">\n\t\t\t\t<div class=\"elementor-widget-container\">\n\t\t\t\t\t\t\t\t\t<p>K\u00fcl\u00f6nleges aj\u00e1nlataink az adott j\u00e1rm\u0171 n\u00e9met v\u00e1ltozat\u00e1hoz k\u00e9pest t\u00f6bbletfelszerelts\u00e9get tartalmaznak. Ha a felsorolt j\u00e1rm\u0171vek egyik\u00e9re kattint, a k\u00f6vetkez\u0151 l\u00e9p\u00e9sben megjelen\u00edtheti ezeket az extr\u00e1kat.<\/p>\n\t\t\t\t\t\t\t\t<\/div>\n\t\t\t\t<\/div>\n\t\t\t\t\t<\/div>\n\t\t\t\t<\/div>\n\t\t\t\t<section class=\"elementor-section elementor-top-section elementor-element elementor-element-81dc0ef elementor-section-boxed elementor-section-height-default elementor-section-height-default\" data-id=\"81dc0ef\" data-element_type=\"section\" data-e-type=\"section\">\n\t\t\t\t\t\t<div class=\"elementor-container elementor-column-gap-default\">\n\t\t\t\t\t<div class=\"elementor-column elementor-col-100 elementor-top-column elementor-element elementor-element-35661c8\" data-id=\"35661c8\" data-element_type=\"column\" data-e-type=\"column\">\n\t\t\t<div class=\"elementor-widget-wrap elementor-element-populated\">\n\t\t\t\t\t\t<section class=\"elementor-section elementor-inner-section elementor-element elementor-element-086562e elementor-section-boxed elementor-section-height-default elementor-section-height-default\" data-id=\"086562e\" data-element_type=\"section\" data-e-type=\"section\">\n\t\t\t\t\t\t<div class=\"elementor-container elementor-column-gap-custom\">\n\t\t\t\t\t<div class=\"elementor-column elementor-col-33 elementor-inner-column elementor-element elementor-element-804d830\" data-id=\"804d830\" data-element_type=\"column\" data-e-type=\"column\">\n\t\t\t<div class=\"elementor-widget-wrap elementor-element-populated\">\n\t\t\t\t\t\t<div class=\"elementor-element elementor-element-08813db dce_masking-none elementor-widget elementor-widget-image\" data-id=\"08813db\" data-element_type=\"widget\" data-e-type=\"widget\" data-widget_type=\"image.default\">\n\t\t\t\t<div class=\"elementor-widget-container\">\n\t\t\t\t\t\t\t\t\t\t\t\t<figure class=\"wp-caption\">\n\t\t\t\t\t\t\t\t\t\t\t<a href=\"https:\/\/atriumautomobile.de\/wp-content\/uploads\/2024\/03\/BMW-430i-Gran-Coupe-Sport.webp\" data-elementor-open-lightbox=\"yes\" data-elementor-lightbox-title=\"BMW 430i Gran Coupe Sport\" data-elementor-lightbox-description=\"Feh\u00e9r BMW 430i Gran Coupe Sport\" data-e-action-hash=\"#elementor-action%3Aaction%3Dlightbox%26settings%3DeyJpZCI6MjUyNSwidXJsIjoiaHR0cHM6XC9cL2F0cml1bWF1dG9tb2JpbGUuZGVcL3dwLWNvbnRlbnRcL3VwbG9hZHNcLzIwMjRcLzAzXC9CTVctNDMwaS1HcmFuLUNvdXBlLVNwb3J0LndlYnAifQ%3D%3D\">\n\t\t\t\t\t\t\t<img fetchpriority=\"high\" decoding=\"async\" width=\"800\" height=\"534\" src=\"https:\/\/atriumautomobile.de\/wp-content\/uploads\/2024\/03\/BMW-430i-Gran-Coupe-Sport-1024x684.webp\" class=\"attachment-large size-large wp-image-2525\" alt=\"BMW 430i Gran Coupe Sport\" srcset=\"https:\/\/atriumautomobile.de\/wp-content\/uploads\/2024\/03\/BMW-430i-Gran-Coupe-Sport-1024x684.webp 1024w, https:\/\/atriumautomobile.de\/wp-content\/uploads\/2024\/03\/BMW-430i-Gran-Coupe-Sport-300x200.webp 300w, https:\/\/atriumautomobile.de\/wp-content\/uploads\/2024\/03\/BMW-430i-Gran-Coupe-Sport-768x513.webp 768w, https:\/\/atriumautomobile.de\/wp-content\/uploads\/2024\/03\/BMW-430i-Gran-Coupe-Sport-1536x1026.webp 1536w, https:\/\/atriumautomobile.de\/wp-content\/uploads\/2024\/03\/BMW-430i-Gran-Coupe-Sport-2048x1368.webp 2048w\" sizes=\"(max-width: 800px) 100vw, 800px\" \/>\t\t\t\t\t\t\t\t<\/a>\n\t\t\t\t\t\t\t\t\t\t\t<figcaption class=\"widget-image-caption wp-caption-text\">BMW 4er<\/figcaption>\n\t\t\t\t\t\t\t\t\t\t<\/figure>\n\t\t\t\t\t\t\t\t\t<\/div>\n\t\t\t\t<\/div>\n\t\t\t\t<div data-dce-text-color=\"#7A7A7A\" class=\"elementor-element elementor-element-da568a7 elementor-widget elementor-widget-text-editor\" data-id=\"da568a7\" data-element_type=\"widget\" data-e-type=\"widget\" data-widget_type=\"text-editor.default\">\n\t\t\t\t<div class=\"elementor-widget-container\">\n\t\t\t\t\t\t\t\t\t<p><span class=\"data bold\">BMW 430i Gran Coupe Sport Line Memory Sitz \u00a0Harman\/Kardon Kamera Keyless 2 Zonen Clima NAVI <\/span><span class=\"data\">\u00a0<\/span><span class=\"data\">252 PS | 1998 ccm | Automatikgetriebe <\/span><span class=\"data\">0.0l\/100km | 42g\/km CO2<br \/>Effizienzklasse <\/span><span class=\"data\">Erstzulassung: 31.04.2018 <\/span><span class=\"data\">Laufleistung: 50.585 km<\/span><\/p>\n\t\t\t\t\t\t\t\t<\/div>\n\t\t\t\t<\/div>\n\t\t<div class=\"elementor-element elementor-element-dc32a99 e-flex e-con-boxed e-con e-parent\" data-id=\"dc32a99\" data-element_type=\"container\" data-e-type=\"container\">\n\t\t\t\t\t<div class=\"e-con-inner\">\n\t\t\t\t<div data-dce-background-color=\"#595959\" class=\"elementor-element elementor-element-3edcc8e elementor-widget__width-auto elementor-widget elementor-widget-button\" data-id=\"3edcc8e\" data-element_type=\"widget\" data-e-type=\"widget\" data-widget_type=\"button.default\">\n\t\t\t\t<div class=\"elementor-widget-container\">\n\t\t\t\t\t\t\t\t\t<div class=\"elementor-button-wrapper\">\n\t\t\t\t\t<a class=\"elementor-button elementor-size-xs\" role=\"button\">\n\t\t\t\t\t\t<span class=\"elementor-button-content-wrapper\">\n\t\t\t\t\t\t\t\t\t<span class=\"elementor-button-text\">33.347,-\u20ac<\/span>\n\t\t\t\t\t<\/span>\n\t\t\t\t\t<\/a>\n\t\t\t\t<\/div>\n\t\t\t\t\t\t\t\t<\/div>\n\t\t\t\t<\/div>\n\t\t\t\t<div data-dce-background-color=\"#C1121F\" class=\"elementor-element elementor-element-0c12609 elementor-widget elementor-widget-button\" data-id=\"0c12609\" data-element_type=\"widget\" data-e-type=\"widget\" data-widget_type=\"button.default\">\n\t\t\t\t<div class=\"elementor-widget-container\">\n\t\t\t\t\t\t\t\t\t<div class=\"elementor-button-wrapper\">\n\t\t\t\t\t<a class=\"elementor-button elementor-button-link elementor-size-xs\" href=\"mailto:info@atriumautomobile.de?subject=%C3%89rdekl%C5%91d%C3%A9s%20haszn%C3%A1lt%20j%C3%A1rm%C5%B1vel%20kapcsolatban&#038;body=%0AN%C3%A9v%3A%0ATelefonsz%C3%A1m%3A%0AE-mail%20c%C3%ADm%3A%0AV%C3%A1ros%3A%0A%0AMelyik%20j%C3%A1rm%C5%B1%20%C3%A9rdekli%3A%0AAudi%20A6%20Limousine%2050%20TFSIe%20Design%20LED%20ACC%20Ambiente%0AKeyless%204%20Zonen%20Clima%20NAVI%20Plug-InKombi%20251%20PS%20%7C%201984%20ccm%20%7C%20Automatikgetriebe%0AEls%C5%91%20forgalomba%20helyez%C3%A9s%3A%2031.07.2020%20%0AFut%C3%A1steljes%C3%ADtm%C3%A9ny%3A%2069.918km%0A%C3%81r%3A%2033.347%2C-%E2%82%AC\">\n\t\t\t\t\t\t<span class=\"elementor-button-content-wrapper\">\n\t\t\t\t\t\t<span class=\"elementor-button-icon\">\n\t\t\t\t<svg aria-hidden=\"true\" class=\"e-font-icon-svg e-fas-angle-right\" viewBox=\"0 0 256 512\" xmlns=\"http:\/\/www.w3.org\/2000\/svg\"><path d=\"M224.3 273l-136 136c-9.4 9.4-24.6 9.4-33.9 0l-22.6-22.6c-9.4-9.4-9.4-24.6 0-33.9l96.4-96.4-96.4-96.4c-9.4-9.4-9.4-24.6 0-33.9L54.3 103c9.4-9.4 24.6-9.4 33.9 0l136 136c9.5 9.4 9.5 24.6.1 34z\"><\/path><\/svg>\t\t\t<\/span>\n\t\t\t\t\t\t\t\t\t<span class=\"elementor-button-text\">\u00c9rdekel <\/span>\n\t\t\t\t\t<\/span>\n\t\t\t\t\t<\/a>\n\t\t\t\t<\/div>\n\t\t\t\t\t\t\t\t<\/div>\n\t\t\t\t<\/div>\n\t\t\t\t\t<\/div>\n\t\t\t\t<\/div>\n\t\t\t\t\t<\/div>\n\t\t<\/div>\n\t\t\t\t<div class=\"elementor-column elementor-col-33 elementor-inner-column elementor-element elementor-element-48d690d\" data-id=\"48d690d\" data-element_type=\"column\" data-e-type=\"column\">\n\t\t\t<div class=\"elementor-widget-wrap elementor-element-populated\">\n\t\t\t\t\t\t<div class=\"elementor-element elementor-element-a07c06e dce_masking-none elementor-widget elementor-widget-image\" data-id=\"a07c06e\" data-element_type=\"widget\" data-e-type=\"widget\" data-widget_type=\"image.default\">\n\t\t\t\t<div class=\"elementor-widget-container\">\n\t\t\t\t\t\t\t\t\t\t\t\t<figure class=\"wp-caption\">\n\t\t\t\t\t\t\t\t\t\t\t<a href=\"https:\/\/atriumautomobile.de\/wp-content\/uploads\/2024\/05\/hamarosan.webp\" data-elementor-open-lightbox=\"yes\" data-elementor-lightbox-title=\"hamarosan\" data-e-action-hash=\"#elementor-action%3Aaction%3Dlightbox%26settings%3DeyJpZCI6MzkxNSwidXJsIjoiaHR0cHM6XC9cL2F0cml1bWF1dG9tb2JpbGUuZGVcL3dwLWNvbnRlbnRcL3VwbG9hZHNcLzIwMjRcLzA1XC9oYW1hcm9zYW4ud2VicCJ9\">\n\t\t\t\t\t\t\t<img decoding=\"async\" width=\"800\" height=\"534\" src=\"https:\/\/atriumautomobile.de\/wp-content\/uploads\/2024\/05\/hamarosan-1024x684.webp\" class=\"attachment-large size-large wp-image-3915\" alt=\"hamarosan\" srcset=\"https:\/\/atriumautomobile.de\/wp-content\/uploads\/2024\/05\/hamarosan-1024x684.webp 1024w, https:\/\/atriumautomobile.de\/wp-content\/uploads\/2024\/05\/hamarosan-300x200.webp 300w, https:\/\/atriumautomobile.de\/wp-content\/uploads\/2024\/05\/hamarosan-768x513.webp 768w, https:\/\/atriumautomobile.de\/wp-content\/uploads\/2024\/05\/hamarosan-1536x1026.webp 1536w, https:\/\/atriumautomobile.de\/wp-content\/uploads\/2024\/05\/hamarosan-2048x1368.webp 2048w\" sizes=\"(max-width: 800px) 100vw, 800px\" \/>\t\t\t\t\t\t\t\t<\/a>\n\t\t\t\t\t\t\t\t\t\t\t<figcaption class=\"widget-image-caption wp-caption-text\">BMW 4er<\/figcaption>\n\t\t\t\t\t\t\t\t\t\t<\/figure>\n\t\t\t\t\t\t\t\t\t<\/div>\n\t\t\t\t<\/div>\n\t\t\t\t<div class=\"elementor-element elementor-element-a75d194 elementor-widget elementor-widget-text-editor\" data-id=\"a75d194\" data-element_type=\"widget\" data-e-type=\"widget\" data-widget_type=\"text-editor.default\">\n\t\t\t\t<div class=\"elementor-widget-container\">\n\t\t\t\t\t\t\t\t\t<p><span class=\"data bold\">BMW 430 Gran Coupe i SPORT LINE*Steptr LED Leder 19*<\/span><span class=\"data\">251 PS | 1998 ccm | Automatikgetriebe <\/span><span class=\"data\">6.2l\/100km | 142g\/km CO2<br \/>Effizienzklasse<br \/>Erstzulassung<\/span><span class=\"data\">: 31.10.2020<br \/><\/span><span class=\"data\">Laufleistung: 56.321km<\/span><\/p>\n\t\t\t\t\t\t\t\t<\/div>\n\t\t\t\t<\/div>\n\t\t<div class=\"elementor-element elementor-element-cadd00c e-flex e-con-boxed e-con e-parent\" data-id=\"cadd00c\" data-element_type=\"container\" data-e-type=\"container\">\n\t\t\t\t\t<div class=\"e-con-inner\">\n\t\t\t\t<div data-dce-background-color=\"#595959\" class=\"elementor-element elementor-element-364deba elementor-widget__width-auto elementor-widget elementor-widget-button\" data-id=\"364deba\" data-element_type=\"widget\" data-e-type=\"widget\" data-widget_type=\"button.default\">\n\t\t\t\t<div class=\"elementor-widget-container\">\n\t\t\t\t\t\t\t\t\t<div class=\"elementor-button-wrapper\">\n\t\t\t\t\t<a class=\"elementor-button elementor-size-xs\" role=\"button\">\n\t\t\t\t\t\t<span class=\"elementor-button-content-wrapper\">\n\t\t\t\t\t\t\t\t\t<span class=\"elementor-button-text\">34.180,-\u20ac<\/span>\n\t\t\t\t\t<\/span>\n\t\t\t\t\t<\/a>\n\t\t\t\t<\/div>\n\t\t\t\t\t\t\t\t<\/div>\n\t\t\t\t<\/div>\n\t\t\t\t<div class=\"elementor-element elementor-element-26aa12e elementor-widget elementor-widget-button\" data-id=\"26aa12e\" data-element_type=\"widget\" data-e-type=\"widget\" data-widget_type=\"button.default\">\n\t\t\t\t<div class=\"elementor-widget-container\">\n\t\t\t\t\t\t\t\t\t<div class=\"elementor-button-wrapper\">\n\t\t\t\t\t<a class=\"elementor-button elementor-button-link elementor-size-xs\" href=\"mailto:ujauto@nemetorszagiautovasarlas.de\">\n\t\t\t\t\t\t<span class=\"elementor-button-content-wrapper\">\n\t\t\t\t\t\t<span class=\"elementor-button-icon\">\n\t\t\t\t<svg aria-hidden=\"true\" class=\"e-font-icon-svg e-fas-angle-right\" viewBox=\"0 0 256 512\" xmlns=\"http:\/\/www.w3.org\/2000\/svg\"><path d=\"M224.3 273l-136 136c-9.4 9.4-24.6 9.4-33.9 0l-22.6-22.6c-9.4-9.4-9.4-24.6 0-33.9l96.4-96.4-96.4-96.4c-9.4-9.4-9.4-24.6 0-33.9L54.3 103c9.4-9.4 24.6-9.4 33.9 0l136 136c9.5 9.4 9.5 24.6.1 34z\"><\/path><\/svg>\t\t\t<\/span>\n\t\t\t\t\t\t\t\t\t<span class=\"elementor-button-text\">\u00c9rdekel <\/span>\n\t\t\t\t\t<\/span>\n\t\t\t\t\t<\/a>\n\t\t\t\t<\/div>\n\t\t\t\t\t\t\t\t<\/div>\n\t\t\t\t<\/div>\n\t\t\t\t\t<\/div>\n\t\t\t\t<\/div>\n\t\t\t\t\t<\/div>\n\t\t<\/div>\n\t\t\t\t<div class=\"elementor-column elementor-col-33 elementor-inner-column elementor-element elementor-element-9927c43\" data-id=\"9927c43\" data-element_type=\"column\" data-e-type=\"column\">\n\t\t\t<div class=\"elementor-widget-wrap elementor-element-populated\">\n\t\t\t\t\t\t<div class=\"elementor-element elementor-element-5e3d4cc dce_masking-none elementor-widget elementor-widget-image\" data-id=\"5e3d4cc\" data-element_type=\"widget\" data-e-type=\"widget\" data-widget_type=\"image.default\">\n\t\t\t\t<div class=\"elementor-widget-container\">\n\t\t\t\t\t\t\t\t\t\t\t\t<figure class=\"wp-caption\">\n\t\t\t\t\t\t\t\t\t\t\t<a href=\"https:\/\/atriumautomobile.de\/wp-content\/uploads\/2024\/05\/hamarosan.webp\" data-elementor-open-lightbox=\"yes\" data-elementor-lightbox-title=\"hamarosan\" data-e-action-hash=\"#elementor-action%3Aaction%3Dlightbox%26settings%3DeyJpZCI6MzkxNSwidXJsIjoiaHR0cHM6XC9cL2F0cml1bWF1dG9tb2JpbGUuZGVcL3dwLWNvbnRlbnRcL3VwbG9hZHNcLzIwMjRcLzA1XC9oYW1hcm9zYW4ud2VicCJ9\">\n\t\t\t\t\t\t\t<img decoding=\"async\" width=\"800\" height=\"534\" src=\"https:\/\/atriumautomobile.de\/wp-content\/uploads\/2024\/05\/hamarosan-1024x684.webp\" class=\"attachment-large size-large wp-image-3915\" alt=\"hamarosan\" srcset=\"https:\/\/atriumautomobile.de\/wp-content\/uploads\/2024\/05\/hamarosan-1024x684.webp 1024w, https:\/\/atriumautomobile.de\/wp-content\/uploads\/2024\/05\/hamarosan-300x200.webp 300w, https:\/\/atriumautomobile.de\/wp-content\/uploads\/2024\/05\/hamarosan-768x513.webp 768w, https:\/\/atriumautomobile.de\/wp-content\/uploads\/2024\/05\/hamarosan-1536x1026.webp 1536w, https:\/\/atriumautomobile.de\/wp-content\/uploads\/2024\/05\/hamarosan-2048x1368.webp 2048w\" sizes=\"(max-width: 800px) 100vw, 800px\" \/>\t\t\t\t\t\t\t\t<\/a>\n\t\t\t\t\t\t\t\t\t\t\t<figcaption class=\"widget-image-caption wp-caption-text\">Hyundai IONIQ 5<\/figcaption>\n\t\t\t\t\t\t\t\t\t\t<\/figure>\n\t\t\t\t\t\t\t\t\t<\/div>\n\t\t\t\t<\/div>\n\t\t\t\t<div data-dce-text-color=\"#7A7A7A\" class=\"elementor-element elementor-element-eb22787 elementor-widget elementor-widget-text-editor\" data-id=\"eb22787\" data-element_type=\"widget\" data-e-type=\"widget\" data-widget_type=\"text-editor.default\">\n\t\t\t\t<div class=\"elementor-widget-container\">\n\t\t\t\t\t\t\t\t\t<p>IONIQ 5 Techniq Elektro 72,6kWh +20\\&#8217;\\&#8217;ALU+EL-HECKKLAPPE+NAVI+RFK+UVM | Teilleder<br \/>Limousine | 217 PS | Automatikgetriebe 0.0l\/100km | 0g\/km CO2<br \/>Effizienzklasse<br \/>Erstzulassung: 28.02.2022<br \/>Laufleistung: 27.591km<\/p>\n\t\t\t\t\t\t\t\t<\/div>\n\t\t\t\t<\/div>\n\t\t<div class=\"elementor-element elementor-element-04c60b5 e-flex e-con-boxed e-con e-parent\" data-id=\"04c60b5\" data-element_type=\"container\" data-e-type=\"container\">\n\t\t\t\t\t<div class=\"e-con-inner\">\n\t\t\t\t<div data-dce-background-color=\"#595959\" class=\"elementor-element elementor-element-d4b7670 elementor-widget__width-auto elementor-widget elementor-widget-button\" data-id=\"d4b7670\" data-element_type=\"widget\" data-e-type=\"widget\" data-widget_type=\"button.default\">\n\t\t\t\t<div class=\"elementor-widget-container\">\n\t\t\t\t\t\t\t\t\t<div class=\"elementor-button-wrapper\">\n\t\t\t\t\t<a class=\"elementor-button elementor-size-xs\" role=\"button\">\n\t\t\t\t\t\t<span class=\"elementor-button-content-wrapper\">\n\t\t\t\t\t\t\t\t\t<span class=\"elementor-button-text\">45.204,-\u20ac<\/span>\n\t\t\t\t\t<\/span>\n\t\t\t\t\t<\/a>\n\t\t\t\t<\/div>\n\t\t\t\t\t\t\t\t<\/div>\n\t\t\t\t<\/div>\n\t\t\t\t<div class=\"elementor-element elementor-element-7d631aa elementor-widget elementor-widget-button\" data-id=\"7d631aa\" data-element_type=\"widget\" data-e-type=\"widget\" data-widget_type=\"button.default\">\n\t\t\t\t<div class=\"elementor-widget-container\">\n\t\t\t\t\t\t\t\t\t<div class=\"elementor-button-wrapper\">\n\t\t\t\t\t<a class=\"elementor-button elementor-button-link elementor-size-xs\" href=\"mailto:ujauto@nemetorszagiautovasarlas.de\">\n\t\t\t\t\t\t<span class=\"elementor-button-content-wrapper\">\n\t\t\t\t\t\t<span class=\"elementor-button-icon\">\n\t\t\t\t<svg aria-hidden=\"true\" class=\"e-font-icon-svg e-fas-angle-right\" viewBox=\"0 0 256 512\" xmlns=\"http:\/\/www.w3.org\/2000\/svg\"><path d=\"M224.3 273l-136 136c-9.4 9.4-24.6 9.4-33.9 0l-22.6-22.6c-9.4-9.4-9.4-24.6 0-33.9l96.4-96.4-96.4-96.4c-9.4-9.4-9.4-24.6 0-33.9L54.3 103c9.4-9.4 24.6-9.4 33.9 0l136 136c9.5 9.4 9.5 24.6.1 34z\"><\/path><\/svg>\t\t\t<\/span>\n\t\t\t\t\t\t\t\t\t<span class=\"elementor-button-text\">\u00c9rdekel <\/span>\n\t\t\t\t\t<\/span>\n\t\t\t\t\t<\/a>\n\t\t\t\t<\/div>\n\t\t\t\t\t\t\t\t<\/div>\n\t\t\t\t<\/div>\n\t\t\t\t\t<\/div>\n\t\t\t\t<\/div>\n\t\t\t\t\t<\/div>\n\t\t<\/div>\n\t\t\t\t\t<\/div>\n\t\t<\/section>\n\t\t\t\t<div class=\"elementor-element elementor-element-1bd23f7 elementor-widget elementor-widget-spacer\" data-id=\"1bd23f7\" data-element_type=\"widget\" data-e-type=\"widget\" data-widget_type=\"spacer.default\">\n\t\t\t\t<div class=\"elementor-widget-container\">\n\t\t\t\t\t\t\t<div class=\"elementor-spacer\">\n\t\t\t<div class=\"elementor-spacer-inner\"><\/div>\n\t\t<\/div>\n\t\t\t\t\t\t<\/div>\n\t\t\t\t<\/div>\n\t\t\t\t<div data-dce-background-color=\"#C1121F\" class=\"elementor-element elementor-element-cd923ce elementor-align-center elementor-widget elementor-widget-button\" data-id=\"cd923ce\" data-element_type=\"widget\" data-e-type=\"widget\" data-widget_type=\"button.default\">\n\t\t\t\t<div class=\"elementor-widget-container\">\n\t\t\t\t\t\t\t\t\t<div class=\"elementor-button-wrapper\">\n\t\t\t\t\t<a class=\"elementor-button elementor-button-link elementor-size-sm\" href=\"https:\/\/atriumautomobile.de\/de\/gebrauchtfahrzeuge\/\">\n\t\t\t\t\t\t<span class=\"elementor-button-content-wrapper\">\n\t\t\t\t\t\t\t\t\t<span class=\"elementor-button-text\">Haszn\u00e1ltaut\u00f3 aj\u00e1nlatok megjelen\u00edt\u00e9se<\/span>\n\t\t\t\t\t<\/span>\n\t\t\t\t\t<\/a>\n\t\t\t\t<\/div>\n\t\t\t\t\t\t\t\t<\/div>\n\t\t\t\t<\/div>\n\t\t\t\t<div class=\"elementor-element elementor-element-d6ee06d elementor-widget elementor-widget-spacer\" data-id=\"d6ee06d\" data-element_type=\"widget\" data-e-type=\"widget\" data-widget_type=\"spacer.default\">\n\t\t\t\t<div class=\"elementor-widget-container\">\n\t\t\t\t\t\t\t<div class=\"elementor-spacer\">\n\t\t\t<div class=\"elementor-spacer-inner\"><\/div>\n\t\t<\/div>\n\t\t\t\t\t\t<\/div>\n\t\t\t\t<\/div>\n\t\t\t\t\t<\/div>\n\t\t<\/div>\n\t\t\t\t\t<\/div>\n\t\t<\/section>\n\t\t\t\t<\/div>\n\t\t","protected":false},"excerpt":{"rendered":"<p>K\u00fcl\u00f6nleges aj\u00e1nlatok K\u00fcl\u00f6nleges aj\u00e1nlataink az adott j\u00e1rm\u0171 n\u00e9met v\u00e1ltozat\u00e1hoz k\u00e9pest t\u00f6bbletfelszerelts\u00e9get tartalmaznak. Ha a felsorolt j\u00e1rm\u0171vek egyik\u00e9re kattint, a k\u00f6vetkez\u0151 l\u00e9p\u00e9sben megjelen\u00edtheti ezeket az extr\u00e1kat. BMW 4er BMW 430i Gran Coupe Sport Line Memory Sitz \u00a0Harman\/Kardon Kamera Keyless 2 Zonen Clima NAVI \u00a0252 PS | 1998 ccm | Automatikgetriebe 0.0l\/100km | 42g\/km CO2Effizienzklasse Erstzulassung: 31.04.2018 [&hellip;]<\/p>\n","protected":false},"author":1,"featured_media":0,"parent":0,"menu_order":0,"comment_status":"closed","ping_status":"closed","template":"","meta":{"footnotes":""},"class_list":["post-620","page","type-page","status-publish","hentry"],"_links":{"self":[{"href":"https:\/\/atriumautomobile.de\/de\/wp-json\/wp\/v2\/pages\/620","targetHints":{"allow":["GET"]}}],"collection":[{"href":"https:\/\/atriumautomobile.de\/de\/wp-json\/wp\/v2\/pages"}],"about":[{"href":"https:\/\/atriumautomobile.de\/de\/wp-json\/wp\/v2\/types\/page"}],"author":[{"embeddable":true,"href":"https:\/\/atriumautomobile.de\/de\/wp-json\/wp\/v2\/users\/1"}],"replies":[{"embeddable":true,"href":"https:\/\/atriumautomobile.de\/de\/wp-json\/wp\/v2\/comments?post=620"}],"version-history":[{"count":0,"href":"https:\/\/atriumautomobile.de\/de\/wp-json\/wp\/v2\/pages\/620\/revisions"}],"wp:attachment":[{"href":"https:\/\/atriumautomobile.de\/de\/wp-json\/wp\/v2\/media?parent=620"}],"curies":[{"name":"wp","href":"https:\/\/api.w.org\/{rel}","templated":true}]}}