{"id":425,"date":"2024-02-27T15:11:22","date_gmt":"2024-02-27T15:11:22","guid":{"rendered":"http:\/\/new.atriumautomobile.de\/finanzierung\/"},"modified":"2024-04-20T21:40:08","modified_gmt":"2024-04-20T21:40:08","slug":"finanzierung","status":"publish","type":"page","link":"https:\/\/atriumautomobile.de\/de\/finanzierung\/","title":{"rendered":"Finanzierung"},"content":{"rendered":"\t\t<div data-elementor-type=\"wp-page\" data-elementor-id=\"425\" class=\"elementor elementor-425 elementor-171\" data-elementor-post-type=\"page\">\n\t\t\t\t<div class=\"elementor-element elementor-element-0e78173 e-flex e-con-boxed e-con e-parent\" data-id=\"0e78173\" data-element_type=\"container\" data-e-type=\"container\">\n\t\t\t\t\t<div class=\"e-con-inner\">\n\t\t<div class=\"elementor-element elementor-element-24f4261 e-con-full e-flex e-con e-child\" data-id=\"24f4261\" data-element_type=\"container\" data-e-type=\"container\">\n\t\t\t\t<div class=\"elementor-element elementor-element-7b34393 dce_masking-none elementor-widget elementor-widget-image\" data-id=\"7b34393\" data-element_type=\"widget\" data-e-type=\"widget\" data-widget_type=\"image.default\">\n\t\t\t\t<div class=\"elementor-widget-container\">\n\t\t\t\t\t\t\t\t\t\t\t\t\t\t\t<img fetchpriority=\"high\" decoding=\"async\" width=\"555\" height=\"374\" src=\"https:\/\/atriumautomobile.de\/wp-content\/uploads\/2024\/04\/Autohitel-Nemetorszagban-1.webp\" class=\"attachment-full size-full wp-image-3545\" alt=\"Autofinanzierung\" srcset=\"https:\/\/atriumautomobile.de\/wp-content\/uploads\/2024\/04\/Autohitel-Nemetorszagban-1.webp 555w, https:\/\/atriumautomobile.de\/wp-content\/uploads\/2024\/04\/Autohitel-Nemetorszagban-1-300x202.webp 300w\" sizes=\"(max-width: 555px) 100vw, 555px\" \/>\t\t\t\t\t\t\t\t\t\t\t\t\t\t\t<\/div>\n\t\t\t\t<\/div>\n\t\t\t\t<\/div>\n\t\t<div class=\"elementor-element elementor-element-6b97446 e-con-full e-flex e-con e-child\" data-id=\"6b97446\" data-element_type=\"container\" data-e-type=\"container\" data-settings=\"{&quot;background_background&quot;:&quot;classic&quot;}\">\n\t\t\t\t<div class=\"elementor-element elementor-element-911ff07 elementor-widget elementor-widget-heading\" data-id=\"911ff07\" data-element_type=\"widget\" data-e-type=\"widget\" data-widget_type=\"heading.default\">\n\t\t\t\t<div class=\"elementor-widget-container\">\n\t\t\t\t\t<h1 class=\"elementor-heading-title elementor-size-default\">Autofinanzierung leicht gemacht<\/h1>\t\t\t\t<\/div>\n\t\t\t\t<\/div>\n\t\t\t\t<div class=\"elementor-element elementor-element-de40f0c elementor-widget elementor-widget-text-editor\" data-id=\"de40f0c\" data-element_type=\"widget\" data-e-type=\"widget\" data-widget_type=\"text-editor.default\">\n\t\t\t\t<div class=\"elementor-widget-container\">\n\t\t\t\t\t\t\t\t\t<p>Finanzieren Sie Ihr n\u00e4chstes Auto stressfrei mit Atrium Automobile. Unser schnelles und einfaches Online-Verfahren erm\u00f6glicht es Ihnen, in wenigen Minuten eine Finanzierungsbest\u00e4tigung zu erhalten. Passen Sie Ihren Finanzierungsplan an Ihr Budget und Ihren Lebensstil an.<\/p>\t\t\t\t\t\t\t\t<\/div>\n\t\t\t\t<\/div>\n\t\t\t\t<div class=\"elementor-element elementor-element-17a4615 elementor-align-center elementor-widget elementor-widget-button\" data-id=\"17a4615\" data-element_type=\"widget\" data-e-type=\"widget\" data-widget_type=\"button.default\">\n\t\t\t\t<div class=\"elementor-widget-container\">\n\t\t\t\t\t\t\t\t\t<div class=\"elementor-button-wrapper\">\n\t\t\t\t\t<a class=\"elementor-button elementor-size-sm\" role=\"button\">\n\t\t\t\t\t\t<span class=\"elementor-button-content-wrapper\">\n\t\t\t\t\t\t\t\t\t<span class=\"elementor-button-text\">Autofinanzierungsrechner<\/span>\n\t\t\t\t\t<\/span>\n\t\t\t\t\t<\/a>\n\t\t\t\t<\/div>\n\t\t\t\t\t\t\t\t<\/div>\n\t\t\t\t<\/div>\n\t\t\t\t<\/div>\n\t\t\t\t\t<\/div>\n\t\t\t\t<\/div>\n\t\t<div class=\"elementor-element elementor-element-a7371b5 e-flex e-con-boxed e-con e-parent\" data-id=\"a7371b5\" data-element_type=\"container\" data-e-type=\"container\">\n\t\t\t\t\t<div class=\"e-con-inner\">\n\t\t\t\t<div class=\"elementor-element elementor-element-97b9616 elementor-widget elementor-widget-heading\" data-id=\"97b9616\" data-element_type=\"widget\" data-e-type=\"widget\" data-widget_type=\"heading.default\">\n\t\t\t\t<div class=\"elementor-widget-container\">\n\t\t\t\t\t<h1 class=\"elementor-heading-title elementor-size-default\">Autofinanzierung \u2013 der g\u00fcnstigste Kredit f\u00fcr Ihr neues Auto<\/h1>\t\t\t\t<\/div>\n\t\t\t\t<\/div>\n\t\t\t\t<div class=\"elementor-element elementor-element-7d4480c elementor-widget elementor-widget-text-editor\" data-id=\"7d4480c\" data-element_type=\"widget\" data-e-type=\"widget\" data-widget_type=\"text-editor.default\">\n\t\t\t\t<div class=\"elementor-widget-container\">\n\t\t\t\t\t\t\t\t\t<p>Ihre Autofinanzierung ist sehr einfach. Atrium Automobile bietet Ihnen umfassende Finanzierungsdienstleistungen zu g\u00fcnstigen Konditionen und optionalen Services f\u00fcr Ihr neues oder sogar Premium-Gebrauchtfahrzeug. Um Ihnen die bestm\u00f6gliche Finanzierung anzubieten, hat Atrium Automobile bewusst keine feste Vereinbarung mit einer einzigen Bank getroffen. Als exklusiver Premium-H\u00e4ndler kann Atrium Automobile aus einer Vielzahl von Banken, die auf die Finanzierung neuer Autos spezialisiert sind, frei und unabh\u00e4ngig w\u00e4hlen.<\/p>\t\t\t\t\t\t\t\t<\/div>\n\t\t\t\t<\/div>\n\t\t\t\t<div class=\"elementor-element elementor-element-a0b2b4e elementor-widget elementor-widget-text-editor\" data-id=\"a0b2b4e\" data-element_type=\"widget\" data-e-type=\"widget\" data-widget_type=\"text-editor.default\">\n\t\t\t\t<div class=\"elementor-widget-container\">\n\t\t\t\t\t\t\t\t\t<p>Gern geben wir Ihnen fachkundige Ratschl\u00e4ge und setzen Ihre Finanzierungsanforderungen kompetent um, ganz nach Ihren W\u00fcnschen. Unsere Finanzierungsexperten finden immer die passende Finanzierungsl\u00f6sung f\u00fcr Sie, um den Autokauf auf Kredit auch f\u00fcr Kunden zug\u00e4nglich zu machen, die nicht \u00fcber ausreichend Bargeld f\u00fcr den Fahrzeugkauf verf\u00fcgen oder ihre Ersparnisse nicht f\u00fcr die Einmalzahlung des Autos verwenden m\u00f6chten.<\/p>\t\t\t\t\t\t\t\t<\/div>\n\t\t\t\t<\/div>\n\t\t\t\t\t<\/div>\n\t\t\t\t<\/div>\n\t\t<div class=\"elementor-element elementor-element-9dd02c8 e-flex e-con-boxed e-con e-parent\" data-id=\"9dd02c8\" data-element_type=\"container\" data-e-type=\"container\">\n\t\t\t\t\t<div class=\"e-con-inner\">\n\t\t\t\t<div class=\"elementor-element elementor-element-4dca3a9 elementor-widget elementor-widget-heading\" data-id=\"4dca3a9\" data-element_type=\"widget\" data-e-type=\"widget\" data-widget_type=\"heading.default\">\n\t\t\t\t<div class=\"elementor-widget-container\">\n\t\t\t\t\t<h2 class=\"elementor-heading-title elementor-size-default\">Autofinanzierungsrechner \u2013 Raten einfach berechnen<\/h2>\t\t\t\t<\/div>\n\t\t\t\t<\/div>\n\t\t\t\t\t<\/div>\n\t\t\t\t<\/div>\n\t\t<div class=\"elementor-element elementor-element-7226221 e-flex e-con-boxed e-con e-parent\" data-id=\"7226221\" data-element_type=\"container\" data-e-type=\"container\">\n\t\t\t\t\t<div class=\"e-con-inner\">\n\t\t\t\t<div class=\"elementor-element elementor-element-ab347e3 elementor-widget elementor-widget-html\" data-id=\"ab347e3\" data-element_type=\"widget\" data-e-type=\"widget\" data-widget_type=\"html.default\">\n\t\t\t\t<div class=\"elementor-widget-container\">\n\t\t\t\t\t<div style=\"width: 100%\" id=\"tcpp-iframe-kredit\" data-style=\"red\" data-duration=\"48\" data-purpose=\"1\" data-amount=\"20000\"><\/div><script src=\"https:\/\/form.partner-versicherung.de\/widgets\/169642\/tcpp-iframe-kredit\/kredit-iframe.js\"><\/script>\n\t\t\t\t<\/div>\n\t\t\t\t<\/div>\n\t\t\t\t\t<\/div>\n\t\t\t\t<\/div>\n\t\t\t\t<\/div>\n\t\t","protected":false},"excerpt":{"rendered":"<p>Autofinanzierung leicht gemacht Finanzieren Sie Ihr n\u00e4chstes Auto stressfrei mit Atrium Automobile. Unser schnelles und einfaches Online-Verfahren erm\u00f6glicht es Ihnen, in wenigen Minuten eine Finanzierungsbest\u00e4tigung zu erhalten. Passen Sie Ihren Finanzierungsplan an Ihr Budget und Ihren Lebensstil an. Autofinanzierungsrechner Autofinanzierung \u2013 der g\u00fcnstigste Kredit f\u00fcr Ihr neues Auto Ihre Autofinanzierung ist sehr einfach. Atrium Automobile [&hellip;]<\/p>\n","protected":false},"author":1,"featured_media":0,"parent":0,"menu_order":0,"comment_status":"closed","ping_status":"closed","template":"","meta":{"footnotes":""},"class_list":["post-425","page","type-page","status-publish","hentry"],"_links":{"self":[{"href":"https:\/\/atriumautomobile.de\/de\/wp-json\/wp\/v2\/pages\/425","targetHints":{"allow":["GET"]}}],"collection":[{"href":"https:\/\/atriumautomobile.de\/de\/wp-json\/wp\/v2\/pages"}],"about":[{"href":"https:\/\/atriumautomobile.de\/de\/wp-json\/wp\/v2\/types\/page"}],"author":[{"embeddable":true,"href":"https:\/\/atriumautomobile.de\/de\/wp-json\/wp\/v2\/users\/1"}],"replies":[{"embeddable":true,"href":"https:\/\/atriumautomobile.de\/de\/wp-json\/wp\/v2\/comments?post=425"}],"version-history":[{"count":0,"href":"https:\/\/atriumautomobile.de\/de\/wp-json\/wp\/v2\/pages\/425\/revisions"}],"wp:attachment":[{"href":"https:\/\/atriumautomobile.de\/de\/wp-json\/wp\/v2\/media?parent=425"}],"curies":[{"name":"wp","href":"https:\/\/api.w.org\/{rel}","templated":true}]}}