{"id":2026,"date":"2024-03-09T12:40:09","date_gmt":"2024-03-09T12:40:09","guid":{"rendered":"http:\/\/new.atriumautomobile.de\/reifen-und-felgen\/"},"modified":"2024-04-24T10:22:56","modified_gmt":"2024-04-24T10:22:56","slug":"reifen-und-felgen","status":"publish","type":"page","link":"https:\/\/atriumautomobile.de\/de\/reifen-und-felgen\/","title":{"rendered":"Reifen &#038; Felgen"},"content":{"rendered":"\t\t<div data-elementor-type=\"wp-page\" data-elementor-id=\"2026\" class=\"elementor elementor-2026 elementor-1067\" data-elementor-post-type=\"page\">\n\t\t\t\t<div class=\"elementor-element elementor-element-0df53e9 e-flex e-con-boxed e-con e-parent\" data-id=\"0df53e9\" data-element_type=\"container\" data-e-type=\"container\">\n\t\t\t\t\t<div class=\"e-con-inner\">\n\t\t\t\t<div class=\"elementor-element elementor-element-86f4c36 elementor--h-position-left elementor--v-position-bottom elementor-widget elementor-widget-slides\" data-id=\"86f4c36\" data-element_type=\"widget\" data-e-type=\"widget\" data-settings=\"{&quot;navigation&quot;:&quot;none&quot;,&quot;transition&quot;:&quot;slide&quot;,&quot;transition_speed&quot;:500}\" data-widget_type=\"slides.default\">\n\t\t\t\t<div class=\"elementor-widget-container\">\n\t\t\t\t\t\t\t\t\t<div class=\"elementor-swiper\">\n\t\t\t\t\t<div class=\"elementor-slides-wrapper elementor-main-swiper swiper\" role=\"region\" aria-roledescription=\"carousel\" aria-label=\"Slides\" dir=\"ltr\" data-animation=\"\">\n\t\t\t\t<div class=\"swiper-wrapper elementor-slides\">\n\t\t\t\t\t\t\t\t\t\t<div class=\"elementor-repeater-item-67e0b9b swiper-slide\" role=\"group\" aria-roledescription=\"slide\"><div class=\"swiper-slide-bg\" role=\"img\" aria-label=\"Gumiabroncsok \u00e9s felnik\"><\/div><div class=\"elementor-background-overlay\"><\/div><div class=\"swiper-slide-inner\" ><div class=\"swiper-slide-contents\"><div class=\"elementor-slide-heading\">Reifen und Felgen vom Fachmann<\/div><\/div><\/div><\/div>\t\t\t\t<\/div>\n\t\t\t\t\t\t\t<\/div>\n\t\t\t\t<\/div>\n\t\t\t\t\t\t\t\t<\/div>\n\t\t\t\t<\/div>\n\t\t\t\t\t<\/div>\n\t\t\t\t<\/div>\n\t\t<div class=\"elementor-element elementor-element-0d191ee e-flex e-con-boxed e-con e-parent\" data-id=\"0d191ee\" data-element_type=\"container\" data-e-type=\"container\">\n\t\t\t\t\t<div class=\"e-con-inner\">\n\t\t<div class=\"elementor-element elementor-element-f4b3a8a e-con-full e-flex e-con e-child\" data-id=\"f4b3a8a\" data-element_type=\"container\" data-e-type=\"container\">\n\t\t\t\t<div class=\"elementor-element elementor-element-1637480 elementor-widget elementor-widget-heading\" data-id=\"1637480\" data-element_type=\"widget\" data-e-type=\"widget\" data-widget_type=\"heading.default\">\n\t\t\t\t<div class=\"elementor-widget-container\">\n\t\t\t\t\t<h2 class=\"elementor-heading-title elementor-size-default\">Reifen und Felgen online kaufen<\/h2>\t\t\t\t<\/div>\n\t\t\t\t<\/div>\n\t\t\t\t<div class=\"elementor-element elementor-element-5100df1 elementor-widget elementor-widget-text-editor\" data-id=\"5100df1\" data-element_type=\"widget\" data-e-type=\"widget\" data-widget_type=\"text-editor.default\">\n\t\t\t\t<div class=\"elementor-widget-container\">\n\t\t\t\t\t\t\t\t\t<p>Sie werden nicht nur die richtigen R\u00e4der oder Reifen finden, sondern auch davon profitieren.<\/p>\n\t\t\t\t\t\t\t\t<\/div>\n\t\t\t\t<\/div>\n\t\t\t\t<div class=\"elementor-element elementor-element-8bbde29 elementor-widget elementor-widget-text-editor\" data-id=\"8bbde29\" data-element_type=\"widget\" data-e-type=\"widget\" data-widget_type=\"text-editor.default\">\n\t\t\t\t<div class=\"elementor-widget-container\">\n\t\t\t\t\t\t\t\t\t<p>IHRE VORTEILE BEI ATRIUM AUTOMOBILE<\/p>\n\t\t\t\t\t\t\t\t<\/div>\n\t\t\t\t<\/div>\n\t\t\t\t<\/div>\n\t\t\t\t\t<\/div>\n\t\t\t\t<\/div>\n\t\t<div class=\"elementor-element elementor-element-604b81d e-flex e-con-boxed e-con e-parent\" data-id=\"604b81d\" data-element_type=\"container\" data-e-type=\"container\">\n\t\t\t\t\t<div class=\"e-con-inner\">\n\t\t<div class=\"elementor-element elementor-element-56a2da2 e-con-full e-flex e-con e-child\" data-id=\"56a2da2\" data-element_type=\"container\" data-e-type=\"container\">\n\t\t\t\t<div class=\"elementor-element elementor-element-e1da6d6 elementor-widget elementor-widget-text-editor\" data-id=\"e1da6d6\" data-element_type=\"widget\" data-e-type=\"widget\" data-widget_type=\"text-editor.default\">\n\t\t\t\t<div class=\"elementor-widget-container\">\n\t\t\t\t\t\t\t\t\t<p>Entdecken Sie eine gro\u00dfe Auswahl an R\u00e4dern und Reifen f\u00fcr Ihr Fahrzeug. Wenn Sie nicht finden k\u00f6nnen, was Sie suchen, beraten wir Sie gerne und finden eine ma\u00dfgeschneiderte L\u00f6sung. Sie sind sich nicht sicher, welches Rad oder welcher Reifen f\u00fcr Ihr Fahrzeug geeignet ist? Wir sind f\u00fcr Sie da.<br \/>Kaufen Sie bei uns g\u00fcnstige Reifen, Alufelgen, Stahlfelgen oder Komplettr\u00e4der f\u00fcr Pkw, SUVs, Lkw, Transporter und Motorr\u00e4der. Fast alle Markenprodukte sind zu jeder Saison zu sehr g\u00fcnstigen Preisen auf Lager und wir haben st\u00e4ndig Zugriff auf einen Bestand von \u00fcber 5 Millionen Reifen und Felgen. Beim Kauf von zwei Reifen ist die Lieferung deutschlandweit kostenlos. Neben Reifen f\u00fcr alle Jahreszeiten f\u00fchren wir auch Alufelgen und auf Stahlfelgen montierte Komplettr\u00e4der. Auf Wunsch liefern wir auch Alukomplettr\u00e4der und Rads\u00e4tze mit fahrzeugspezifischen Reifendrucksensoren.<\/p><p>Bestellen Sie bei uns neue Markenreifen oder sportliche Alufelgen zu einem guten Preis. Unser kompetentes Team freut sich auf Ihren Anruf. Wenn Sie Fragen zu Reifendrucksensoren, Reifen, R\u00e4dern oder Felgen haben, stehen wir Ihnen gerne zur Verf\u00fcgung.<\/p>\t\t\t\t\t\t\t\t<\/div>\n\t\t\t\t<\/div>\n\t\t\t\t<div class=\"elementor-element elementor-element-f1bd5f8 elementor-widget elementor-widget-button\" data-id=\"f1bd5f8\" data-element_type=\"widget\" data-e-type=\"widget\" data-widget_type=\"button.default\">\n\t\t\t\t<div class=\"elementor-widget-container\">\n\t\t\t\t\t\t\t\t\t<div class=\"elementor-button-wrapper\">\n\t\t\t\t\t<a class=\"elementor-button elementor-button-link elementor-size-sm\" href=\"https:\/\/atriumautomobile.de\/de\/reifensuche\/\">\n\t\t\t\t\t\t<span class=\"elementor-button-content-wrapper\">\n\t\t\t\t\t\t\t\t\t<span class=\"elementor-button-text\">Suche starten<\/span>\n\t\t\t\t\t<\/span>\n\t\t\t\t\t<\/a>\n\t\t\t\t<\/div>\n\t\t\t\t\t\t\t\t<\/div>\n\t\t\t\t<\/div>\n\t\t\t\t<\/div>\n\t\t<div class=\"elementor-element elementor-element-d8d011c e-con-full e-flex e-con e-child\" data-id=\"d8d011c\" data-element_type=\"container\" data-e-type=\"container\">\n\t\t\t\t<div class=\"elementor-element elementor-element-667d4c9 dce_masking-none elementor-widget elementor-widget-image\" data-id=\"667d4c9\" data-element_type=\"widget\" data-e-type=\"widget\" data-widget_type=\"image.default\">\n\t\t\t\t<div class=\"elementor-widget-container\">\n\t\t\t\t\t\t\t\t\t\t\t\t\t\t\t<img fetchpriority=\"high\" decoding=\"async\" width=\"555\" height=\"374\" src=\"https:\/\/atriumautomobile.de\/wp-content\/uploads\/2024\/03\/Gumiabroncs-es-felni.webp\" class=\"attachment-large size-large wp-image-556\" alt=\"Gumiabroncs \u00e9s felni\" srcset=\"https:\/\/atriumautomobile.de\/wp-content\/uploads\/2024\/03\/Gumiabroncs-es-felni.webp 555w, https:\/\/atriumautomobile.de\/wp-content\/uploads\/2024\/03\/Gumiabroncs-es-felni-300x202.webp 300w\" sizes=\"(max-width: 555px) 100vw, 555px\" \/>\t\t\t\t\t\t\t\t\t\t\t\t\t\t\t<\/div>\n\t\t\t\t<\/div>\n\t\t\t\t<\/div>\n\t\t\t\t\t<\/div>\n\t\t\t\t<\/div>\n\t\t<div class=\"elementor-element elementor-element-68c432a e-flex e-con-boxed e-con e-parent\" data-id=\"68c432a\" data-element_type=\"container\" data-e-type=\"container\">\n\t\t\t\t\t<div class=\"e-con-inner\">\n\t\t\t\t<div class=\"elementor-element elementor-element-3d6d8c6 elementor-widget elementor-widget-text-editor\" data-id=\"3d6d8c6\" data-element_type=\"widget\" data-e-type=\"widget\" data-widget_type=\"text-editor.default\">\n\t\t\t\t<div class=\"elementor-widget-container\">\n\t\t\t\t\t\t\t\t\t<p>Bestellen Sie bei uns neue Markenreifen oder sportliche Alufelgen zu einem guten Preis. Unser kompetentes Team freut sich auf Ihren Anruf. Wenn Sie Fragen zu Reifendrucksensoren, Reifen, R\u00e4dern oder Felgen haben, stehen wir Ihnen gerne zur Verf\u00fcgung.<\/p>\t\t\t\t\t\t\t\t<\/div>\n\t\t\t\t<\/div>\n\t\t\t\t\t<\/div>\n\t\t\t\t<\/div>\n\t\t\t\t<\/div>\n\t\t","protected":false},"excerpt":{"rendered":"<p>Reifen und Felgen vom Fachmann Reifen und Felgen online kaufen Sie werden nicht nur die richtigen R\u00e4der oder Reifen finden, sondern auch davon profitieren. IHRE VORTEILE BEI ATRIUM AUTOMOBILE Entdecken Sie eine gro\u00dfe Auswahl an R\u00e4dern und Reifen f\u00fcr Ihr Fahrzeug. Wenn Sie nicht finden k\u00f6nnen, was Sie suchen, beraten wir Sie gerne und finden [&hellip;]<\/p>\n","protected":false},"author":1,"featured_media":556,"parent":0,"menu_order":0,"comment_status":"closed","ping_status":"closed","template":"","meta":{"footnotes":""},"class_list":["post-2026","page","type-page","status-publish","has-post-thumbnail","hentry"],"_links":{"self":[{"href":"https:\/\/atriumautomobile.de\/de\/wp-json\/wp\/v2\/pages\/2026","targetHints":{"allow":["GET"]}}],"collection":[{"href":"https:\/\/atriumautomobile.de\/de\/wp-json\/wp\/v2\/pages"}],"about":[{"href":"https:\/\/atriumautomobile.de\/de\/wp-json\/wp\/v2\/types\/page"}],"author":[{"embeddable":true,"href":"https:\/\/atriumautomobile.de\/de\/wp-json\/wp\/v2\/users\/1"}],"replies":[{"embeddable":true,"href":"https:\/\/atriumautomobile.de\/de\/wp-json\/wp\/v2\/comments?post=2026"}],"version-history":[{"count":0,"href":"https:\/\/atriumautomobile.de\/de\/wp-json\/wp\/v2\/pages\/2026\/revisions"}],"wp:featuredmedia":[{"embeddable":true,"href":"https:\/\/atriumautomobile.de\/de\/wp-json\/wp\/v2\/media\/556"}],"wp:attachment":[{"href":"https:\/\/atriumautomobile.de\/de\/wp-json\/wp\/v2\/media?parent=2026"}],"curies":[{"name":"wp","href":"https:\/\/api.w.org\/{rel}","templated":true}]}}