{"id":1777,"date":"2024-02-28T15:59:00","date_gmt":"2024-02-28T15:59:00","guid":{"rendered":"http:\/\/new.atriumautomobile.de\/uber-uns\/"},"modified":"2024-04-02T09:10:44","modified_gmt":"2024-04-02T09:10:44","slug":"uber-uns","status":"publish","type":"page","link":"https:\/\/atriumautomobile.de\/de\/uber-uns\/","title":{"rendered":"\u00dcber uns"},"content":{"rendered":"\t\t<div data-elementor-type=\"wp-page\" data-elementor-id=\"1777\" class=\"elementor elementor-1777 elementor-335\" data-elementor-post-type=\"page\">\n\t\t\t\t<div class=\"elementor-element elementor-element-684cf64 e-flex e-con-boxed e-con e-parent\" data-id=\"684cf64\" data-element_type=\"container\" data-e-type=\"container\" data-settings=\"{&quot;background_background&quot;:&quot;classic&quot;}\">\n\t\t\t\t\t<div class=\"e-con-inner\">\n\t\t\t\t<div data-dce-advanced-background-image-url=\"https:\/\/atriumautomobile.de\/wp-content\/uploads\/2024\/03\/Rolunk-header-1.webp\" class=\"elementor-element elementor-element-72bec2c dce_masking-none elementor-widget elementor-widget-image\" data-id=\"72bec2c\" data-element_type=\"widget\" data-e-type=\"widget\" data-widget_type=\"image.default\">\n\t\t\t\t<div class=\"elementor-widget-container\">\n\t\t\t\t\t\t\t\t\t\t\t\t\t\t\t<img fetchpriority=\"high\" decoding=\"async\" width=\"800\" height=\"335\" src=\"https:\/\/atriumautomobile.de\/wp-content\/uploads\/2024\/03\/Rolunk-header-1-1024x429.webp\" class=\"attachment-large size-large wp-image-2914\" alt=\"\" srcset=\"https:\/\/atriumautomobile.de\/wp-content\/uploads\/2024\/03\/Rolunk-header-1-1024x429.webp 1024w, https:\/\/atriumautomobile.de\/wp-content\/uploads\/2024\/03\/Rolunk-header-1-300x126.webp 300w, https:\/\/atriumautomobile.de\/wp-content\/uploads\/2024\/03\/Rolunk-header-1-768x322.webp 768w, https:\/\/atriumautomobile.de\/wp-content\/uploads\/2024\/03\/Rolunk-header-1.webp 1200w\" sizes=\"(max-width: 800px) 100vw, 800px\">\t\t\t\t\t\t\t\t\t\t\t\t\t\t\t<\/div>\n\t\t\t\t<\/div>\n\t\t\t\t\t<\/div>\n\t\t\t\t<\/div>\n\t\t<div class=\"elementor-element elementor-element-a4c574d e-flex e-con-boxed e-con e-parent\" data-id=\"a4c574d\" data-element_type=\"container\" data-e-type=\"container\">\n\t\t\t\t\t<div class=\"e-con-inner\">\n\t\t<div class=\"elementor-element elementor-element-1a67553 e-con-full e-flex e-con e-child\" data-id=\"1a67553\" data-element_type=\"container\" data-e-type=\"container\" data-settings=\"{&quot;background_background&quot;:&quot;classic&quot;}\">\n\t\t\t\t<\/div>\n\t\t<div data-dce-background-color=\"#FFF9F9E6\" class=\"elementor-element elementor-element-5ac2bb2 e-con-full e-flex e-con e-child\" data-id=\"5ac2bb2\" data-element_type=\"container\" data-e-type=\"container\" data-settings=\"{&quot;background_background&quot;:&quot;classic&quot;}\">\n\t\t\t\t<div class=\"elementor-element elementor-element-ce4ae3d elementor-widget elementor-widget-text-editor\" data-id=\"ce4ae3d\" data-element_type=\"widget\" data-e-type=\"widget\" data-widget_type=\"text-editor.default\">\n\t\t\t\t<div class=\"elementor-widget-container\">\n\t\t\t\t\t\t\t\t\t<p>Ihr Mobilit\u00e4tspartner in Deutschland<\/p>\t\t\t\t\t\t\t\t<\/div>\n\t\t\t\t<\/div>\n\t\t\t\t<div class=\"elementor-element elementor-element-f3e8f43 elementor-widget elementor-widget-text-editor\" data-id=\"f3e8f43\" data-element_type=\"widget\" data-e-type=\"widget\" data-widget_type=\"text-editor.default\">\n\t\t\t\t<div class=\"elementor-widget-container\">\n\t\t\t\t\t\t\t\t\t<p>Wir sind mehr als nur ein Autohaus: Als Mobilit\u00e4tspartner vor Ort verkaufen wir nicht nur Neu- und Gebrauchtwagen, sondern unterst\u00fctzen unsere Kunden auch mit einem umfassenden Serviceangebot &#8211; von Leasing \u00fcber Finanzierung bis hin zur Fahrzeugzulassung.<br \/><br \/>Ihr Vertrauen verdienen &#8211; jeden Tag!<\/p>\t\t\t\t\t\t\t\t<\/div>\n\t\t\t\t<\/div>\n\t\t\t\t<\/div>\n\t\t\t\t\t<\/div>\n\t\t\t\t<\/div>\n\t\t<div class=\"elementor-element elementor-element-9507aa7 e-flex e-con-boxed e-con e-parent\" data-id=\"9507aa7\" data-element_type=\"container\" data-e-type=\"container\">\n\t\t\t\t\t<div class=\"e-con-inner\">\n\t\t\t\t<div class=\"elementor-element elementor-element-dbde559 elementor-widget elementor-widget-heading\" data-id=\"dbde559\" data-element_type=\"widget\" data-e-type=\"widget\" data-widget_type=\"heading.default\">\n\t\t\t\t<div class=\"elementor-widget-container\">\n\t\t\t\t\t<h2 class=\"elementor-heading-title elementor-size-default\">\u00dcber uns - Atrium Automobile<\/h2>\t\t\t\t<\/div>\n\t\t\t\t<\/div>\n\t\t\t\t<div class=\"elementor-element elementor-element-535280d elementor-widget elementor-widget-text-editor\" data-id=\"535280d\" data-element_type=\"widget\" data-e-type=\"widget\" data-widget_type=\"text-editor.default\">\n\t\t\t\t<div class=\"elementor-widget-container\">\n\t\t\t\t\t\t\t\t\t<p>Ihr Partner beim Autokauf<\/p>\t\t\t\t\t\t\t\t<\/div>\n\t\t\t\t<\/div>\n\t\t\t\t<div class=\"elementor-element elementor-element-005fccd elementor-widget elementor-widget-text-editor\" data-id=\"005fccd\" data-element_type=\"widget\" data-e-type=\"widget\" data-widget_type=\"text-editor.default\">\n\t\t\t\t<div class=\"elementor-widget-container\">\n\t\t\t\t\t\t\t\t\t<p>Atrium Automobile ist mehr als nur ein &#8222;Autohaus&#8220;: Wir verstehen uns als vertrauensvoller Partner f\u00fcr unsere Kunden, der den Verkauf von Neu- und Gebrauchtwagen mit umfassenden Mobilit\u00e4tsdienstleistungen verbindet. Wir erf\u00fcllen Auftr\u00e4ge f\u00fcr Neu- und Gebrauchtwagen fast aller Marken in der EU. Mit mehr als 20 Jahren Erfahrung bietet unser Autohaus in Deutschland einen markenunabh\u00e4ngigen Full-Service-Verkauf von Neuwagen und hochwertigen Gebrauchtwagen.<\/p><p>Von seinem Hauptsitz in N\u00fcrnberg aus arbeitet Atrium Automobile seit vielen Jahren mit einem gro\u00dfen Netzwerk von H\u00e4ndlern f\u00fchrender Hersteller in ganz Europa zusammen. Wir bieten Ihnen \u00e4u\u00dferst wettbewerbsf\u00e4hige Preise beim Kauf eines neu reimportierten Autos. Sie k\u00f6nnen Ihr neues Fahrzeug selbst konfigurieren und mit wenigen Klicks online bestellen &#8211; mit allen vom Hersteller angebotenen Extras und Sonderausstattungen.<\/p><p>Wir haben mehr als 300 Neufahrzeuge im Angebot, die wir Ihnen auf Wunsch sofort nach Hause liefern. Mit einer gro\u00dfen Auswahl an Neu- und Gebrauchtwagen, die sofort verf\u00fcgbar sind, k\u00f6nnen Sie ohne lange Wartezeiten schnell und kosteng\u00fcnstig wieder auf die Stra\u00dfe kommen.<\/p>\t\t\t\t\t\t\t\t<\/div>\n\t\t\t\t<\/div>\n\t\t\t\t<div class=\"elementor-element elementor-element-fbc568f elementor-widget elementor-widget-text-editor\" data-id=\"fbc568f\" data-element_type=\"widget\" data-e-type=\"widget\" data-widget_type=\"text-editor.default\">\n\t\t\t\t<div class=\"elementor-widget-container\">\n\t\t\t\t\t\t\t\t\t<p>Unsere Gesch\u00e4ftspolitik ist es, den Verkauf von Neuwagen und hochwertigen Gebrauchtwagen f\u00fcr unsere Kunden modern, erschwinglich und sicher zu gestalten. Wenn Sie zufrieden sind, sind wir zufrieden. Gem\u00e4\u00df unserem Leitsatz &#8222;Earning your trust &#8211; every day!&#8220; ist es unser Ziel, unseren Kunden stets den bestm\u00f6glichen Service zu bieten und sie auf ihrem individuellen Weg zu begleiten.<\/p><p>Viele Autoh\u00e4user haben Websites, aber Atrium Automobile ist einer der f\u00fchrenden Online-Autoh\u00e4ndler f\u00fcr den Online-Kauf von Neu- und Gebrauchtwagen, mit realen Preisen, sicherem Einkauf und einem pers\u00f6nlichen Ansprechpartner, der direkt von zu Hause aus ein Fahrzeug bestellen kann, ohne Wenn und Aber.<\/p>\t\t\t\t\t\t\t\t<\/div>\n\t\t\t\t<\/div>\n\t\t\t\t<div class=\"elementor-element elementor-element-47f06ce elementor-widget elementor-widget-text-editor\" data-id=\"47f06ce\" data-element_type=\"widget\" data-e-type=\"widget\" data-widget_type=\"text-editor.default\">\n\t\t\t\t<div class=\"elementor-widget-container\">\n\t\t\t\t\t\t\t\t\t<p>W\u00e4hrend unser Gebrauchtwagenangebot fast alle Marken umfasst, geh\u00f6ren zu unserem Neuwagenangebot Alfa Romeo, Audi, BMW, BYD, Citroen, Cupra, Dacia, Fiat, Ford, Honda, Hyundai, Jeep, Kia, Land Rover, Mazda, Nissan, Opel, Peugeot, Renault, Seat, Skoda, Suzuki, Toyota, Volkswagen und Volvo. Dabei handelt es sich um sogenannte Reimportfahrzeuge, die sich durch besonders attraktive Preise auszeichnen. Wir bieten auch hochwertige Jahreswagen an.<\/p>\t\t\t\t\t\t\t\t<\/div>\n\t\t\t\t<\/div>\n\t\t\t\t\t<\/div>\n\t\t\t\t<\/div>\n\t\t<div class=\"elementor-element elementor-element-fa77f63 e-flex e-con-boxed e-con e-parent\" data-id=\"fa77f63\" data-element_type=\"container\" data-e-type=\"container\" data-settings=\"{&quot;background_background&quot;:&quot;classic&quot;}\">\n\t\t\t\t\t<div class=\"e-con-inner\">\n\t\t\t\t<div class=\"elementor-element elementor-element-b0ba492 elementor-widget elementor-widget-html\" data-id=\"b0ba492\" data-element_type=\"widget\" data-e-type=\"widget\" data-widget_type=\"html.default\">\n\t\t\t\t<div class=\"elementor-widget-container\">\n\t\t\t\t\t<script defer async src='https:\/\/cdn.trustindex.io\/loader.js?b2fd29c26e0893360386863a6f7'><\/script>\t\t\t\t<\/div>\n\t\t\t\t<\/div>\n\t\t\t\t\t<\/div>\n\t\t\t\t<\/div>\n\t\t<div class=\"elementor-element elementor-element-95c0811 e-flex e-con-boxed e-con e-parent\" data-id=\"95c0811\" data-element_type=\"container\" data-e-type=\"container\">\n\t\t\t\t\t<div class=\"e-con-inner\">\n\t\t\t\t<div class=\"elementor-element elementor-element-3306b36 elementor-widget elementor-widget-heading\" data-id=\"3306b36\" data-element_type=\"widget\" data-e-type=\"widget\" data-widget_type=\"heading.default\">\n\t\t\t\t<div class=\"elementor-widget-container\">\n\t\t\t\t\t<h3 class=\"elementor-heading-title elementor-size-default\">Sparen Sie Geld beim Autokauf<\/h3>\t\t\t\t<\/div>\n\t\t\t\t<\/div>\n\t\t\t\t<div class=\"elementor-element elementor-element-f6442ae elementor-widget elementor-widget-text-editor\" data-id=\"f6442ae\" data-element_type=\"widget\" data-e-type=\"widget\" data-widget_type=\"text-editor.default\">\n\t\t\t\t<div class=\"elementor-widget-container\">\n\t\t\t\t\t\t\t\t\t<p>Dank der Beziehungen, die wir in mehr als 20 Jahren aufgebaut haben, guter Partnerschaften und eines wachsenden H\u00e4ndlernetzes sind wir in der Lage, unsere Kunden zu sehr g\u00fcnstigen Konditionen zu bedienen.<\/p>\t\t\t\t\t\t\t\t<\/div>\n\t\t\t\t<\/div>\n\t\t\t\t\t<\/div>\n\t\t\t\t<\/div>\n\t\t<div class=\"elementor-element elementor-element-0f7b9ca e-flex e-con-boxed e-con e-parent\" data-id=\"0f7b9ca\" data-element_type=\"container\" data-e-type=\"container\">\n\t\t\t\t\t<div class=\"e-con-inner\">\n\t\t\t\t<div class=\"elementor-element elementor-element-eaa0065 elementor-widget elementor-widget-heading\" data-id=\"eaa0065\" data-element_type=\"widget\" data-e-type=\"widget\" data-widget_type=\"heading.default\">\n\t\t\t\t<div class=\"elementor-widget-container\">\n\t\t\t\t\t<h3 class=\"elementor-heading-title elementor-size-default\">Finanzierung, Leasing und Autokauf - alles aus einer Hand<\/h3>\t\t\t\t<\/div>\n\t\t\t\t<\/div>\n\t\t\t\t<div class=\"elementor-element elementor-element-9ef9ba6 elementor-widget elementor-widget-text-editor\" data-id=\"9ef9ba6\" data-element_type=\"widget\" data-e-type=\"widget\" data-widget_type=\"text-editor.default\">\n\t\t\t\t<div class=\"elementor-widget-container\">\n\t\t\t\t\t\t\t\t\t<p>Weil die Finanzierung ein wichtiger Bestandteil des Autokaufs geworden ist, bieten wir unseren Kunden ein besonders attraktives und vielf\u00e4ltiges Angebot an Finanzierungs- und Leasingm\u00f6glichkeiten. Eine Finanzierung ist nur dann gut, wenn sie auf die spezifischen Bed\u00fcrfnisse und die Situation des Kunden zugeschnitten ist. Alle Reimportfahrzeuge aus unserem Angebot k\u00f6nnen selbstverst\u00e4ndlich finanziert oder geleast werden. Senden Sie uns einfach eine Finanzierungsanfrage, wenn Sie Ihr Wunschfahrzeug konfiguriert haben.<\/p>\t\t\t\t\t\t\t\t<\/div>\n\t\t\t\t<\/div>\n\t\t\t\t\t<\/div>\n\t\t\t\t<\/div>\n\t\t<div class=\"elementor-element elementor-element-5ab8da0 e-flex e-con-boxed e-con e-parent\" data-id=\"5ab8da0\" data-element_type=\"container\" data-e-type=\"container\">\n\t\t\t\t\t<div class=\"e-con-inner\">\n\t\t\t\t<div class=\"elementor-element elementor-element-ace6e47 elementor-widget elementor-widget-heading\" data-id=\"ace6e47\" data-element_type=\"widget\" data-e-type=\"widget\" data-widget_type=\"heading.default\">\n\t\t\t\t<div class=\"elementor-widget-container\">\n\t\t\t\t\t<h3 class=\"elementor-heading-title elementor-size-default\">Vollst\u00e4ndiger Service<\/h3>\t\t\t\t<\/div>\n\t\t\t\t<\/div>\n\t\t\t\t<div class=\"elementor-element elementor-element-51e5a61 elementor-widget elementor-widget-text-editor\" data-id=\"51e5a61\" data-element_type=\"widget\" data-e-type=\"widget\" data-widget_type=\"text-editor.default\">\n\t\t\t\t<div class=\"elementor-widget-container\">\n\t\t\t\t\t\t\t\t\t<p>Wie traditionelle Autoh\u00e4user bietet Atrium Automobile einen umfassenden Service von der Bestellung bis zur Auslieferung. Unser Expertenteam hilft Ihnen gerne, die besten Finanzierungs-, Leasing- und Versicherungspartner zu finden. M\u00f6chten Sie, dass wir Ihr Auto zu Ihnen nach Hause liefern, anstatt es von uns zu \u00fcbernehmen? Atrium Automobile bietet Ihnen eine kosteng\u00fcnstige Lieferung an &#8211; der Preis h\u00e4ngt von der Entfernung zu unserem Firmensitz ab.<br \/><br \/>Wir von Atrium Automobile haben es uns zur Aufgabe gemacht, Ihnen den n\u00e4chsten Autokauf zu erleichtern. Egal, ob Sie einen Neu- oder Gebrauchtwagen suchen, wir haben ein breites Angebot f\u00fcr jeden Bedarf. Um unsere Kunden noch besser bedienen zu k\u00f6nnen, haben wir die Website 2023 noch einfacher und \u00fcbersichtlicher gestaltet und an die neuesten Standards angepasst.<\/p>\t\t\t\t\t\t\t\t<\/div>\n\t\t\t\t<\/div>\n\t\t\t\t\t<\/div>\n\t\t\t\t<\/div>\n\t\t<div class=\"elementor-element elementor-element-bae71e8 e-flex e-con-boxed e-con e-parent\" data-id=\"bae71e8\" data-element_type=\"container\" data-e-type=\"container\">\n\t\t\t\t\t<div class=\"e-con-inner\">\n\t\t\t\t<div class=\"elementor-element elementor-element-193bb7e elementor-widget elementor-widget-heading\" data-id=\"193bb7e\" data-element_type=\"widget\" data-e-type=\"widget\" data-widget_type=\"heading.default\">\n\t\t\t\t<div class=\"elementor-widget-container\">\n\t\t\t\t\t<h3 class=\"elementor-heading-title elementor-size-default\">Referenzen<\/h3>\t\t\t\t<\/div>\n\t\t\t\t<\/div>\n\t\t\t\t<div class=\"elementor-element elementor-element-9bc36cf elementor-widget elementor-widget-text-editor\" data-id=\"9bc36cf\" data-element_type=\"widget\" data-e-type=\"widget\" data-widget_type=\"text-editor.default\">\n\t\t\t\t<div class=\"elementor-widget-container\">\n\t\t\t\t\t\t\t\t\tViele unserer zufriedenen Kunden haben in verschiedenen L\u00e4ndern Europas erfolgreich Neu- oder Gebrauchtwagen bei uns gekauft. <br>Wir sind bestrebt, langfristige Partnerschaften mit unseren Kunden aufzubauen und sind stolz darauf, unsere Zuverl\u00e4ssigkeit durch ihre Zufriedenheit unter Beweis gestellt zu haben.<br>\n<br>\nWir w\u00fcrden uns freuen, Sie bald als einen unserer zufriedenen Kunden begr\u00fc\u00dfen zu d\u00fcrfen.\t\t\t\t\t\t\t\t<\/div>\n\t\t\t\t<\/div>\n\t\t\t\t<div class=\"elementor-element elementor-element-befc3ef elementor-align-left elementor-widget elementor-widget-button\" data-id=\"befc3ef\" data-element_type=\"widget\" data-e-type=\"widget\" data-widget_type=\"button.default\">\n\t\t\t\t<div class=\"elementor-widget-container\">\n\t\t\t\t\t\t\t\t\t<div class=\"elementor-button-wrapper\">\n\t\t\t\t\t<a class=\"elementor-button elementor-button-link elementor-size-sm\" href=\"#\">\n\t\t\t\t\t\t<span class=\"elementor-button-content-wrapper\">\n\t\t\t\t\t\t\t\t\t<span class=\"elementor-button-text\">H\u00e4ufige Fragen - Wir antworten darauf!<\/span>\n\t\t\t\t\t<\/span>\n\t\t\t\t\t<\/a>\n\t\t\t\t<\/div>\n\t\t\t\t\t\t\t\t<\/div>\n\t\t\t\t<\/div>\n\t\t\t\t\t<\/div>\n\t\t\t\t<\/div>\n\t\t\t\t<\/div>\n\t\t","protected":false},"excerpt":{"rendered":"<p>Ihr Mobilit\u00e4tspartner in Deutschland Wir sind mehr als nur ein Autohaus: Als Mobilit\u00e4tspartner vor Ort verkaufen wir nicht nur Neu- und Gebrauchtwagen, sondern unterst\u00fctzen unsere Kunden auch mit einem umfassenden Serviceangebot &#8211; von Leasing \u00fcber Finanzierung bis hin zur Fahrzeugzulassung. Ihr Vertrauen verdienen &#8211; jeden Tag! \u00dcber uns &#8211; Atrium Automobile Ihr Partner beim Autokauf [&hellip;]<\/p>\n","protected":false},"author":1,"featured_media":0,"parent":0,"menu_order":0,"comment_status":"closed","ping_status":"closed","template":"","meta":{"footnotes":""},"class_list":["post-1777","page","type-page","status-publish","hentry"],"_links":{"self":[{"href":"https:\/\/atriumautomobile.de\/de\/wp-json\/wp\/v2\/pages\/1777","targetHints":{"allow":["GET"]}}],"collection":[{"href":"https:\/\/atriumautomobile.de\/de\/wp-json\/wp\/v2\/pages"}],"about":[{"href":"https:\/\/atriumautomobile.de\/de\/wp-json\/wp\/v2\/types\/page"}],"author":[{"embeddable":true,"href":"https:\/\/atriumautomobile.de\/de\/wp-json\/wp\/v2\/users\/1"}],"replies":[{"embeddable":true,"href":"https:\/\/atriumautomobile.de\/de\/wp-json\/wp\/v2\/comments?post=1777"}],"version-history":[{"count":0,"href":"https:\/\/atriumautomobile.de\/de\/wp-json\/wp\/v2\/pages\/1777\/revisions"}],"wp:attachment":[{"href":"https:\/\/atriumautomobile.de\/de\/wp-json\/wp\/v2\/media?parent=1777"}],"curies":[{"name":"wp","href":"https:\/\/api.w.org\/{rel}","templated":true}]}}