{"id":1308,"date":"2024-03-10T16:15:34","date_gmt":"2024-03-10T16:15:34","guid":{"rendered":"http:\/\/new.atriumautomobile.de\/nutzungsbedingungen\/"},"modified":"2024-03-23T12:21:38","modified_gmt":"2024-03-23T12:21:38","slug":"nutzungsbedingungen","status":"publish","type":"page","link":"https:\/\/atriumautomobile.de\/de\/nutzungsbedingungen\/","title":{"rendered":"Nutzungsbedingungen"},"content":{"rendered":"\t\t<div data-elementor-type=\"wp-page\" data-elementor-id=\"1308\" class=\"elementor elementor-1308 elementor-1293\" data-elementor-post-type=\"page\">\n\t\t\t\t<div class=\"elementor-element elementor-element-2d6deb0 e-flex e-con-boxed e-con e-parent\" data-id=\"2d6deb0\" data-element_type=\"container\" data-e-type=\"container\">\n\t\t\t\t\t<div class=\"e-con-inner\">\n\t\t\t\t<div class=\"elementor-element elementor-element-a19f30c elementor-widget elementor-widget-heading\" data-id=\"a19f30c\" data-element_type=\"widget\" data-e-type=\"widget\" data-widget_type=\"heading.default\">\n\t\t\t\t<div class=\"elementor-widget-container\">\n\t\t\t\t\t<h2 class=\"elementor-heading-title elementor-size-default\">Nutzungsbedingungen<\/h2>\t\t\t\t<\/div>\n\t\t\t\t<\/div>\n\t\t\t\t<div class=\"elementor-element elementor-element-56b0bbe elementor-widget elementor-widget-text-editor\" data-id=\"56b0bbe\" data-element_type=\"widget\" data-e-type=\"widget\" data-widget_type=\"text-editor.default\">\n\t\t\t\t<div class=\"elementor-widget-container\">\n\t\t\t\t\t\t\t\t\t<p>Ich bin damit einverstanden, dass die Atrium Automobile meine personenbezogenen Daten zum Zwecke der schriftlichen Kundenbetreuung (z.B. Einladungen zu exklusiven Veranstaltungen, Informationen \u00fcber neue Produkte und Dienstleistungen, Versendung von Kundenmagazinen) verarbeitet und nutzt. Ich bin damit einverstanden, dass die Atrium Automobile meine personenbezogenen Daten zu den vorgenannten Zwecken (z.B. Versendung von Kundenmagazinen, Informationen \u00fcber neue Produkte und Dienstleistungen) sowie zur Marktforschung an die Handelsorganisation sowie an die Hersteller-Konzerngesellschaften ihrer Marken weitergibt. Ich bin damit einverstanden, zu den oben angegebenen Zwecken auch per Telefon\/SMS\/MMS angesprochen oder per E-Mail angesprochen zu werden. Ich kann unter der E-Mail-Adresse <a href=\"mailto:kundenbetreuung@atriumautomobile.de\" target=\"_blank\" rel=\"noopener\">kundenbetreuung@atriumautomobile.de<\/a> jederzeit Auskunft \u00fcber meine gespeicherten personenbezogenen Daten erhalten und jederzeit deren Berichtigung, L\u00f6schung oder Sperrung verlangen. Sollte ich im Nachhinein Einw\u00e4nde gegen die Speicherung, Verarbeitung und Nutzung meiner Daten haben, kann ich meine Einwilligung jederzeit ohne Angabe von Gr\u00fcnden unter der oben genannten E-Mail-Adresse widerrufen.<\/p>\t\t\t\t\t\t\t\t<\/div>\n\t\t\t\t<\/div>\n\t\t\t\t\t<\/div>\n\t\t\t\t<\/div>\n\t\t\t\t<\/div>\n\t\t","protected":false},"excerpt":{"rendered":"<p>Nutzungsbedingungen Ich bin damit einverstanden, dass die Atrium Automobile meine personenbezogenen Daten zum Zwecke der schriftlichen Kundenbetreuung (z.B. Einladungen zu exklusiven Veranstaltungen, Informationen \u00fcber neue Produkte und Dienstleistungen, Versendung von Kundenmagazinen) verarbeitet und nutzt. Ich bin damit einverstanden, dass die Atrium Automobile meine personenbezogenen Daten zu den vorgenannten Zwecken (z.B. Versendung von Kundenmagazinen, Informationen \u00fcber [&hellip;]<\/p>\n","protected":false},"author":1,"featured_media":0,"parent":0,"menu_order":0,"comment_status":"closed","ping_status":"closed","template":"","meta":{"footnotes":""},"class_list":["post-1308","page","type-page","status-publish","hentry"],"_links":{"self":[{"href":"https:\/\/atriumautomobile.de\/de\/wp-json\/wp\/v2\/pages\/1308","targetHints":{"allow":["GET"]}}],"collection":[{"href":"https:\/\/atriumautomobile.de\/de\/wp-json\/wp\/v2\/pages"}],"about":[{"href":"https:\/\/atriumautomobile.de\/de\/wp-json\/wp\/v2\/types\/page"}],"author":[{"embeddable":true,"href":"https:\/\/atriumautomobile.de\/de\/wp-json\/wp\/v2\/users\/1"}],"replies":[{"embeddable":true,"href":"https:\/\/atriumautomobile.de\/de\/wp-json\/wp\/v2\/comments?post=1308"}],"version-history":[{"count":0,"href":"https:\/\/atriumautomobile.de\/de\/wp-json\/wp\/v2\/pages\/1308\/revisions"}],"wp:attachment":[{"href":"https:\/\/atriumautomobile.de\/de\/wp-json\/wp\/v2\/media?parent=1308"}],"curies":[{"name":"wp","href":"https:\/\/api.w.org\/{rel}","templated":true}]}}